{"id":60,"date":"2024-07-30T11:30:20","date_gmt":"2024-07-30T11:30:20","guid":{"rendered":"https:\/\/artificialpc.com\/?post_type=product&#038;p=60"},"modified":"2024-08-05T10:17:31","modified_gmt":"2024-08-05T10:17:31","slug":"tessan-adaptateur-prise-universelle","status":"publish","type":"product","link":"https:\/\/artificialpc.com\/?product=tessan-adaptateur-prise-universelle","title":{"rendered":"TESSAN Adaptateur Prise Universelle"},"content":{"rendered":"","protected":false},"excerpt":{"rendered":"<p>Un\u00a0<strong>adaptateur<\/strong>\u00a0est quelque chose d&rsquo;adapt\u00e9 (valable) pour mieux convenir \u00e0 un\u00a0<a class=\"mot\" href=\"https:\/\/www.aquaportail.com\/dictionnaire\/definition\/9038\/environnement\">environnement<\/a>. Typiquement, un adaptateur est un outil qui permet d&rsquo;\u00e9tablir une connexion entre deux pi\u00e8ces qui ne s&#8217;embo\u00eetent pas simplement.<\/p>\n","protected":false},"featured_media":104,"comment_status":"open","ping_status":"closed","template":"","meta":{"_monsterinsights_skip_tracking":false,"_monsterinsights_sitenote_active":false,"_monsterinsights_sitenote_note":"","_monsterinsights_sitenote_category":0},"product_brand":[],"product_cat":[21,22],"product_tag":[],"class_list":{"0":"post-60","1":"product","2":"type-product","3":"status-publish","4":"has-post-thumbnail","6":"product_cat-accessoire","7":"product_cat-adaptateur","9":"first","10":"instock","11":"shipping-taxable","12":"purchasable","13":"product-type-simple"},"jetpack_sharing_enabled":true,"_links":{"self":[{"href":"https:\/\/artificialpc.com\/index.php?rest_route=\/wp\/v2\/product\/60","targetHints":{"allow":["GET"]}}],"collection":[{"href":"https:\/\/artificialpc.com\/index.php?rest_route=\/wp\/v2\/product"}],"about":[{"href":"https:\/\/artificialpc.com\/index.php?rest_route=\/wp\/v2\/types\/product"}],"replies":[{"embeddable":true,"href":"https:\/\/artificialpc.com\/index.php?rest_route=%2Fwp%2Fv2%2Fcomments&post=60"}],"wp:featuredmedia":[{"embeddable":true,"href":"https:\/\/artificialpc.com\/index.php?rest_route=\/wp\/v2\/media\/104"}],"wp:attachment":[{"href":"https:\/\/artificialpc.com\/index.php?rest_route=%2Fwp%2Fv2%2Fmedia&parent=60"}],"wp:term":[{"taxonomy":"product_brand","embeddable":true,"href":"https:\/\/artificialpc.com\/index.php?rest_route=%2Fwp%2Fv2%2Fproduct_brand&post=60"},{"taxonomy":"product_cat","embeddable":true,"href":"https:\/\/artificialpc.com\/index.php?rest_route=%2Fwp%2Fv2%2Fproduct_cat&post=60"},{"taxonomy":"product_tag","embeddable":true,"href":"https:\/\/artificialpc.com\/index.php?rest_route=%2Fwp%2Fv2%2Fproduct_tag&post=60"}],"curies":[{"name":"wp","href":"https:\/\/api.w.org\/{rel}","templated":true}]}}