{"id":120,"date":"2024-07-31T12:47:00","date_gmt":"2024-07-31T12:47:00","guid":{"rendered":"https:\/\/artificialpc.com\/?post_type=product&#038;p=120"},"modified":"2024-08-05T10:11:09","modified_gmt":"2024-08-05T10:11:09","slug":"ecran-full-hd-hp-m22f-2d9j9aa","status":"publish","type":"product","link":"https:\/\/artificialpc.com\/?product=ecran-full-hd-hp-m22f-2d9j9aa","title":{"rendered":"\u00c9cran Full HD HP M22f (2D9J9AA)"},"content":{"rendered":"<p>\u00c9cran Full HD HP M22f (2D9J9AA)<\/p>\n<table>\n<tbody>\n<tr>\n<td colspan=\"2\">\u00c9cran Full HD HP M22f (2D9J9AA) Toutes les caract\u00e9ristiques techniques<\/td>\n<\/tr>\n<tr>\n<td width=\"260\">Taille de l&rsquo;\u00e9cran (diagonale)<\/td>\n<td>21.5&Prime;<\/td>\n<\/tr>\n<tr>\n<td width=\"260\">Taille de l&rsquo;\u00e9cran (diagonale)<\/td>\n<td>54,6 cm (21,5\u00a0pouces)<\/td>\n<\/tr>\n<tr>\n<td width=\"260\">Type d&rsquo;\u00e9cran<\/td>\n<td>IPS\u00a0<sup>1<\/sup><\/td>\n<\/tr>\n<tr>\n<td width=\"260\">Fonctions d&rsquo;affichage<\/td>\n<td>Commandes \u00e0 l\u2019\u00e9cran; AMD FreeSync\u2122; Mode faible lumi\u00e8re bleue; Antireflet<\/td>\n<\/tr>\n<tr>\n<td width=\"260\">Gamme de couleurs<\/td>\n<td>99% sRGB<\/td>\n<\/tr>\n<tr>\n<td width=\"260\">Commandes \u00e0 l&rsquo;\u00e9cran<\/td>\n<td>Luminosit\u00e9 ; Quitter ; Information ; Gestion ; Commande de mise sous tension ; Commandes d&rsquo;entr\u00e9e ; Contr\u00f4le du menu ; Image ; Couleur<\/td>\n<\/tr>\n<tr>\n<td width=\"260\">R\u00e9solution (native)<\/td>\n<td>FHD (1920 x\u00a01080)\u00a0<sup>1<\/sup><\/td>\n<\/tr>\n<tr>\n<td width=\"260\">R\u00e9solutions prise en charge<\/td>\n<td>640 x 480; 720 x 400; 800 x 600; 1024 x 768; 1280 x 720; 1280 x 800; 1280 x 1024; 1440 x 900; 1600 x 900; 1680 x 1050; 1920 x 1080<\/td>\n<\/tr>\n<tr>\n<td width=\"260\">Rapport de contraste<\/td>\n<td>1000:1<\/td>\n<\/tr>\n<tr>\n<td width=\"260\">Taux de contraste de l\u2019\u00e9cran (dynamique)<\/td>\n<td>10000000:1<\/td>\n<\/tr>\n<tr>\n<td width=\"260\">Luminosit\u00e9<\/td>\n<td>300\u00a0nits\u00a0<sup>1<\/sup><\/td>\n<\/tr>\n<tr>\n<td width=\"260\">Pas de masque<\/td>\n<td>0,248\u00a0mm<\/td>\n<\/tr>\n<tr>\n<td width=\"260\">Type d&rsquo;entr\u00e9e d&rsquo;affichage<\/td>\n<td>1\u00a0port VGA; 1\u00a0port HDMI 1.4 (avec prise en charge HDCP)\u00a0(1\u00a0port VGA; 1\u00a0port HDMI 1.4 (avec prise en charge HDCP))<\/td>\n<\/tr>\n<tr>\n<td width=\"260\">HDCP<\/td>\n<td>Oui, HDMI<\/td>\n<\/tr>\n<tr>\n<td width=\"260\">HDMI<\/td>\n<td>1 port HDMI 1.4<\/td>\n<\/tr>\n<tr>\n<td width=\"260\">VGA<\/td>\n<td>1 VGA<\/td>\n<\/tr>\n<tr>\n<td width=\"260\">Appareil photo<\/td>\n<td>Sans appareil photo int\u00e9gr\u00e9<\/td>\n<\/tr>\n<tr>\n<td width=\"260\">Montage VESA<\/td>\n<td>Non compatible avec le montage VESA<\/td>\n<\/tr>\n<tr>\n<td width=\"260\">Dimensions minimales (L x P x H)<\/td>\n<td>48,55 x 3,18 x 28,72 cm\u00a0(Sans socle.)<\/td>\n<\/tr>\n<tr>\n<td width=\"260\">Dimensions avec socle (L x P x H)<\/td>\n<td>48,55 x 17,72 x 31,8 cm<\/td>\n<\/tr>\n<tr>\n<td width=\"260\">Dimensions de l&#8217;emballage (L x P x H)<\/td>\n<td>55 x 11,8 x 35,5 cm<\/td>\n<\/tr>\n<tr>\n<td width=\"260\">Poids<\/td>\n<td>2,2\u00a0kg\u00a0(Avec socle.)<\/td>\n<\/tr>\n<tr>\n<td width=\"260\">Poids du carton\/paquet<\/td>\n<td>4,1\u00a0kg<\/td>\n<\/tr>\n<tr>\n<td width=\"260\">Traitement de l\u2019\u00e9cran<\/td>\n<td>Anti-reflets<\/td>\n<\/tr>\n<tr>\n<td width=\"260\">rotation<\/td>\n<td>No swivel<\/td>\n<\/tr>\n<tr>\n<td width=\"260\">Inclinaison<\/td>\n<td>-5 \u00e0 +25 \u00b0<\/td>\n<\/tr>\n<tr>\n<td width=\"260\">\u00c9cran tactile<\/td>\n<td>Non tactile<\/td>\n<\/tr>\n<tr>\n<td width=\"260\">Angle de vision horizontale<\/td>\n<td>178\u00b0<\/td>\n<\/tr>\n<tr>\n<td width=\"260\">Angle de vision verticale<\/td>\n<td>178\u00b0<\/td>\n<\/tr>\n<tr>\n<td width=\"260\">Format de l&rsquo;image<\/td>\n<td>16:9<\/td>\n<\/tr>\n<tr>\n<td width=\"260\">Type\u00a0de r\u00e9tro\u00e9clairage<\/td>\n<td>\u00c9clair\u00e9 \u00e0 la p\u00e9riph\u00e9rie<\/td>\n<\/tr>\n<tr>\n<td width=\"260\">Cadre<\/td>\n<td>Micro-bordure sur 3 c\u00f4t\u00e9s<\/td>\n<\/tr>\n<tr>\n<td width=\"260\">Courbure<\/td>\n<td>Plat<\/td>\n<\/tr>\n<tr>\n<td width=\"260\">Pied amovible<\/td>\n<td>Yes<\/td>\n<\/tr>\n<tr>\n<td width=\"260\">Zone d&rsquo;affichage (mesure m\u00e9trique)<\/td>\n<td>47,6 x 26,78 cm<\/td>\n<\/tr>\n<tr>\n<td width=\"260\">Plage de r\u00e9glage en hauteur<\/td>\n<td>Pas de r\u00e9glage de la hauteur<\/td>\n<\/tr>\n<tr>\n<td width=\"260\">Temps de r\u00e9ponse<\/td>\n<td>5ms GtG (avec\u00a0surcharge)\u00a0<sup>1<\/sup><\/td>\n<\/tr>\n<tr>\n<td width=\"260\">Fr\u00e9quence de balayage de l&rsquo;\u00e9cran (horizontal)<\/td>\n<td>30-86\u00a0kHz<\/td>\n<\/tr>\n<tr>\n<td width=\"260\">Fr\u00e9quence de balayage de l&rsquo;\u00e9cran (vertical)<\/td>\n<td>48-75 Hz<\/td>\n<\/tr>\n<tr>\n<td width=\"260\">Anti-scintillement<\/td>\n<td>Oui<\/td>\n<\/tr>\n<tr>\n<td width=\"260\">Duret\u00e9<\/td>\n<td>3H<\/td>\n<\/tr>\n<tr>\n<td width=\"260\">\u00c9cran de confidentialit\u00e9 int\u00e9gr\u00e9<\/td>\n<td>Non<\/td>\n<\/tr>\n<tr>\n<td width=\"260\">Faible Lumi\u00e8re bleue<\/td>\n<td>Oui (certifi\u00e9 Eyesafe\u00ae et T\u00dcV)<\/td>\n<\/tr>\n<tr>\n<td width=\"260\">R\u00e9solution du panneau<\/td>\n<td>8\u00a0bits (6\u00a0bits + FRC)<\/td>\n<\/tr>\n<tr>\n<td width=\"260\">pivot<\/td>\n<td>No pivot<\/td>\n<\/tr>\n<tr>\n<td width=\"260\">Pixels par pouce (ppi)<\/td>\n<td>102 ppi<\/td>\n<\/tr>\n<tr>\n<td width=\"260\">R\u00e9solution (maximum)<\/td>\n<td>Full HD (1 920 x 1 080 \u00e0 75 Hz)<\/td>\n<\/tr>\n<tr>\n<td width=\"260\">Microphone<\/td>\n<td>Non<\/td>\n<\/tr>\n<tr>\n<td width=\"260\">Type de haut-parleur<\/td>\n<td>Non<\/td>\n<\/tr>\n<tr>\n<td width=\"260\">Logiciel de gestion<\/td>\n<td>HP Display Center<\/td>\n<\/tr>\n<tr>\n<td width=\"260\">S\u00e9curit\u00e9 physique<\/td>\n<td>Pr\u00eat pour verrou de\u00a0s\u00e9curit\u00e9\u00a0<sup>2<\/sup><\/td>\n<\/tr>\n<tr>\n<td width=\"260\">Alimentation<\/td>\n<td>100-240 V CA 50\/60 Hz<\/td>\n<\/tr>\n<tr>\n<td width=\"260\">Type d&rsquo;alimentation \u00e9lectrique<\/td>\n<td>Externe<\/td>\n<\/tr>\n<tr>\n<td width=\"260\">Consommation d&rsquo;\u00e9nergie (annuelle)<\/td>\n<td>14 kWh<\/td>\n<\/tr>\n<tr>\n<td width=\"260\">Demande de puissance en mode veille<\/td>\n<td>0.5 W<\/td>\n<\/tr>\n<tr>\n<td width=\"260\">Consommation \u00e9lectrique<\/td>\n<td>19 W (maximum), 13 W (standard), 0,5\u00a0W (veille)<\/td>\n<\/tr>\n<tr>\n<td width=\"260\">Plage d&rsquo;humidit\u00e9 de fonctionnement<\/td>\n<td>20 \u00e0 80%, sans condensation<\/td>\n<\/tr>\n<tr>\n<td width=\"260\">Plage d&rsquo;humidit\u00e9 \u00e0 l\u2019arr\u00eat<\/td>\n<td>5 \u00e0 95%<\/td>\n<\/tr>\n<tr>\n<td width=\"260\">Plage de temp\u00e9ratures en fonctionnement<\/td>\n<td>5 \u00e0 35 \u00b0C<\/td>\n<\/tr>\n<tr>\n<td width=\"260\">Plage de temp\u00e9ratures en fonctionnement<\/td>\n<td>41 to 95\u00b0F<\/td>\n<\/tr>\n<tr>\n<td width=\"260\">Labels \u00e9cologiques<\/td>\n<td>Homologu\u00e9\u00a0EPEAT\u00ae\u00a0<sup>3<\/sup><\/td>\n<\/tr>\n<tr>\n<td width=\"260\">Classe d&rsquo;efficacit\u00e9 \u00e9nerg\u00e9tique<\/td>\n<td>E<\/td>\n<\/tr>\n<\/tbody>\n<\/table>\n","protected":false},"excerpt":{"rendered":"<ul>\n<li>Taille de l&rsquo;\u00e9cran (diagonale): 54,6 cm (21,5\u00a0pouces)<\/li>\n<li>Temps de r\u00e9ponse: 5ms GtG (avec\u00a0surcharge)\u00a0<sup>1<\/sup><\/li>\n<li>R\u00e9solution (native): FHD (1920 x\u00a01080)\u00a0<sup>1<\/sup><\/li>\n<li>Rapport de contraste: 1000:1<\/li>\n<\/ul>\n","protected":false},"featured_media":116,"comment_status":"open","ping_status":"closed","template":"","meta":{"_monsterinsights_skip_tracking":false,"_monsterinsights_sitenote_active":false,"_monsterinsights_sitenote_note":"","_monsterinsights_sitenote_category":0},"product_brand":[],"product_cat":[25],"product_tag":[],"class_list":{"0":"post-120","1":"product","2":"type-product","3":"status-publish","4":"has-post-thumbnail","6":"product_cat-laptop-usages","8":"first","9":"instock","10":"shipping-taxable","11":"product-type-simple"},"jetpack_sharing_enabled":true,"_links":{"self":[{"href":"https:\/\/artificialpc.com\/index.php?rest_route=\/wp\/v2\/product\/120","targetHints":{"allow":["GET"]}}],"collection":[{"href":"https:\/\/artificialpc.com\/index.php?rest_route=\/wp\/v2\/product"}],"about":[{"href":"https:\/\/artificialpc.com\/index.php?rest_route=\/wp\/v2\/types\/product"}],"replies":[{"embeddable":true,"href":"https:\/\/artificialpc.com\/index.php?rest_route=%2Fwp%2Fv2%2Fcomments&post=120"}],"wp:featuredmedia":[{"embeddable":true,"href":"https:\/\/artificialpc.com\/index.php?rest_route=\/wp\/v2\/media\/116"}],"wp:attachment":[{"href":"https:\/\/artificialpc.com\/index.php?rest_route=%2Fwp%2Fv2%2Fmedia&parent=120"}],"wp:term":[{"taxonomy":"product_brand","embeddable":true,"href":"https:\/\/artificialpc.com\/index.php?rest_route=%2Fwp%2Fv2%2Fproduct_brand&post=120"},{"taxonomy":"product_cat","embeddable":true,"href":"https:\/\/artificialpc.com\/index.php?rest_route=%2Fwp%2Fv2%2Fproduct_cat&post=120"},{"taxonomy":"product_tag","embeddable":true,"href":"https:\/\/artificialpc.com\/index.php?rest_route=%2Fwp%2Fv2%2Fproduct_tag&post=120"}],"curies":[{"name":"wp","href":"https:\/\/api.w.org\/{rel}","templated":true}]}}