{"id":118,"date":"2024-07-31T12:39:01","date_gmt":"2024-07-31T12:39:01","guid":{"rendered":"https:\/\/artificialpc.com\/?post_type=product&#038;p=118"},"modified":"2025-09-08T19:14:02","modified_gmt":"2025-09-08T19:14:02","slug":"ordinateur-portable-hp-240","status":"publish","type":"product","link":"https:\/\/artificialpc.com\/?product=ordinateur-portable-hp-240","title":{"rendered":"Ordinateur portable HP 240"},"content":{"rendered":"<p>&nbsp;<\/p>\n<table>\n<tbody>\n<tr>\n<td colspan=\"2\">Ordinateur portable HP 240 14 pouces G10 (8A5M9EA) Toutes les caract\u00e9ristiques techniques<\/td>\n<\/tr>\n<tr>\n<td width=\"260\">Syst\u00e8me d&rsquo;exploitation<\/td>\n<td>FreeDOS 3.0<\/td>\n<\/tr>\n<tr>\n<td width=\"260\">Famille de processeurs<\/td>\n<td>Processeur Intel\u00ae Core\u2122 i5 de 13e g\u00e9n\u00e9ration<\/td>\n<\/tr>\n<tr>\n<td width=\"260\">Processeur<\/td>\n<td>Processeur Intel\u00ae Core\u2122 i5-1335U (jusqu\u2019\u00e0 4,6 GHz avec la technologie Intel\u00ae Turbo Boost, 12 Mo de m\u00e9moire cache L3, 10 c\u0153urs, 12\u00a0threads)\u00a0<sup>1<\/sup>\u00a0<sup>2<\/sup><\/td>\n<\/tr>\n<tr>\n<td width=\"260\">Graphiques<\/td>\n<td>Int\u00e9gr\u00e9,<\/p>\n<p>Carte graphique Intel\u00ae UHD<\/td>\n<\/tr>\n<tr>\n<td width=\"260\">M\u00e9moire<\/td>\n<td>8 Go de m\u00e9moire RAM DDR4-3200 MHz (1 x 8 Go)<\/p>\n<p>&nbsp;<\/td>\n<\/tr>\n<tr>\n<td width=\"260\">Logements pour m\u00e9moire<\/td>\n<td>2 SODIMM<\/td>\n<\/tr>\n<tr>\n<td width=\"260\">M\u00e9moire interne<\/td>\n<td>Disque SSD NVMe\u2122 PCIe\u00ae 512 Go<\/td>\n<\/tr>\n<tr>\n<td width=\"260\">Ecran<\/td>\n<td>14&Prime; diagonal, FHD (1920 x 1080), IPS, micro-edge, anti-glare, 250 nits, 45%\u00a0NTSC\u00a0<sup>3<\/sup>\u00a0<sup>4<\/sup>\u00a0<sup>5<\/sup><\/td>\n<\/tr>\n<tr>\n<td width=\"260\">Ecran<\/td>\n<td>\u00c9cran Full HD d\u2019une diagonale de 35,6 cm (14 pouces) (1920 x 1080), IPS, micro-bord, antireflet, 250 nits, 45 %\u00a0NTSC\u00a0<sup>3<\/sup>\u00a0<sup>4<\/sup>\u00a0<sup>5<\/sup><\/td>\n<\/tr>\n<tr>\n<td width=\"260\">\u00c9cran tactile<\/td>\n<td>Non<\/td>\n<\/tr>\n<tr>\n<td width=\"260\">Gamme de couleurs<\/td>\n<td>45% NTSC<\/td>\n<\/tr>\n<tr>\n<td width=\"260\">Luminosit\u00e9<\/td>\n<td>250 nits<\/td>\n<\/tr>\n<tr>\n<td width=\"260\">Dimensions minimales (L x P x H)<\/td>\n<td>32,4 x 21,5 x 1,79 cm<\/td>\n<\/tr>\n<tr>\n<td width=\"260\">Poids<\/td>\n<td>\u00c0 partir de 1,36 kg\u00a0(Le poids varie selon la configuration. N\u2019inclut pas d\u2019adaptateur secteur.)<\/td>\n<\/tr>\n<tr>\n<td width=\"260\">Fonctions d&rsquo;administration<\/td>\n<td>HP SSRM; R\u00e9cup\u00e9ration de r\u00e9initialisation par bouton poussoir Windows<\/td>\n<\/tr>\n<tr>\n<td width=\"260\">Type de batterie<\/td>\n<td>Batterie Li-Ion HP longue dur\u00e9e 3 cellules, 41 Wh<\/td>\n<\/tr>\n<tr>\n<td width=\"260\">Autonomie de la batterie<\/td>\n<td>(La batterie est interne et ne peut pas \u00eatre remplac\u00e9e par le client. Maintenance sous garantie.)<\/td>\n<\/tr>\n<tr>\n<td width=\"260\">Sans fil<\/td>\n<td>Carte sans fil Realtek Wi-Fi 6 (2&#215;2) et Bluetooth\u00ae 5.3<\/td>\n<\/tr>\n<tr>\n<td width=\"260\">Couleur produit<\/td>\n<td>Argent cendr\u00e9 fonc\u00e9<\/td>\n<\/tr>\n<tr>\n<td width=\"260\">Clavier<\/td>\n<td>Clavier HP Pro<\/td>\n<\/tr>\n<tr>\n<td width=\"260\">Appareil photo<\/td>\n<td>Appareil photo HD 720p<\/td>\n<\/tr>\n<tr>\n<td width=\"260\">Audio<\/td>\n<td>Haut-parleurs st\u00e9r\u00e9o, microphone num\u00e9rique int\u00e9gr\u00e9<\/td>\n<\/tr>\n<tr>\n<td width=\"260\">P\u00e9riph\u00e9rique de pointage<\/td>\n<td>Pav\u00e9 tactile avec prise en charge des gestes multipoints, pressions activ\u00e9es par d\u00e9faut<\/td>\n<\/tr>\n<tr>\n<td width=\"260\">Ports<\/td>\n<td>1 port USB Type-C\u00ae, vitesse de transfert 5 Gbit\/s; 2 ports USB Type-A, vitesse de transfert 5 Gbit\/s; 1 prise d\u2019alimentation secteur; 1 port HDMI 1.4b; 1 prise combin\u00e9e casque\/microphone st\u00e9r\u00e9o<\/p>\n<p>&nbsp;<\/p>\n<p>&nbsp;<\/p>\n<p>&nbsp;<\/td>\n<\/tr>\n<tr>\n<td width=\"260\">Alimentation<\/td>\n<td>Adaptateur pour alimentation secteur externe 45\u00a0W HP\u00a0Smart\u00a0<sup>6<\/sup><\/td>\n<\/tr>\n<\/tbody>\n<\/table>\n","protected":false},"excerpt":{"rendered":"<p>L\u2019ordinateur portable HP 240 G10, \u00e9conomique et adapt\u00e9 \u00e0 l\u2019entreprise, offre des fonctions essentielles de puissance et de productivit\u00e9 dans un design fin et l\u00e9ger avec un grand \u00e9cran de 14 pouces.<\/p>\n<ul>\n<li>Syst\u00e8me d&rsquo;exploitation: FreeDOS 3.0<\/li>\n<li>Marque du processeur: Intel\u00ae Core\u2122 i5 1335U 13\u00e8me\u00a0g\u00e9n\u00e9ration\u00a0<sup>1<\/sup>\u00a0<sup>2<\/sup><\/li>\n<li>Taille de la m\u00e9moire: 8 Go DDR4<\/li>\n<\/ul>\n","protected":false},"featured_media":111,"comment_status":"open","ping_status":"closed","template":"","meta":{"_monsterinsights_skip_tracking":false,"_monsterinsights_sitenote_active":false,"_monsterinsights_sitenote_note":"","_monsterinsights_sitenote_category":0},"product_brand":[],"product_cat":[25],"product_tag":[],"class_list":{"0":"post-118","1":"product","2":"type-product","3":"status-publish","4":"has-post-thumbnail","6":"product_cat-laptop-usages","8":"first","9":"instock","10":"shipping-taxable","11":"purchasable","12":"product-type-simple"},"jetpack_sharing_enabled":true,"_links":{"self":[{"href":"https:\/\/artificialpc.com\/index.php?rest_route=\/wp\/v2\/product\/118","targetHints":{"allow":["GET"]}}],"collection":[{"href":"https:\/\/artificialpc.com\/index.php?rest_route=\/wp\/v2\/product"}],"about":[{"href":"https:\/\/artificialpc.com\/index.php?rest_route=\/wp\/v2\/types\/product"}],"replies":[{"embeddable":true,"href":"https:\/\/artificialpc.com\/index.php?rest_route=%2Fwp%2Fv2%2Fcomments&post=118"}],"wp:featuredmedia":[{"embeddable":true,"href":"https:\/\/artificialpc.com\/index.php?rest_route=\/wp\/v2\/media\/111"}],"wp:attachment":[{"href":"https:\/\/artificialpc.com\/index.php?rest_route=%2Fwp%2Fv2%2Fmedia&parent=118"}],"wp:term":[{"taxonomy":"product_brand","embeddable":true,"href":"https:\/\/artificialpc.com\/index.php?rest_route=%2Fwp%2Fv2%2Fproduct_brand&post=118"},{"taxonomy":"product_cat","embeddable":true,"href":"https:\/\/artificialpc.com\/index.php?rest_route=%2Fwp%2Fv2%2Fproduct_cat&post=118"},{"taxonomy":"product_tag","embeddable":true,"href":"https:\/\/artificialpc.com\/index.php?rest_route=%2Fwp%2Fv2%2Fproduct_tag&post=118"}],"curies":[{"name":"wp","href":"https:\/\/api.w.org\/{rel}","templated":true}]}}