{"id":229,"date":"2024-08-06T11:27:26","date_gmt":"2024-08-06T11:27:26","guid":{"rendered":"https:\/\/artificialpc.com\/?page_id=229"},"modified":"2024-08-07T11:16:31","modified_gmt":"2024-08-07T11:16:31","slug":"conditions-de-vente","status":"publish","type":"page","link":"https:\/\/artificialpc.com\/?page_id=229","title":{"rendered":"Conditions de Vente"},"content":{"rendered":"\t\t<div data-elementor-type=\"wp-page\" data-elementor-id=\"229\" class=\"elementor elementor-229\">\n\t\t\t\t<div class=\"elementor-element elementor-element-399ede4 e-flex e-con-boxed e-con e-parent\" data-id=\"399ede4\" data-element_type=\"container\" data-settings=\"{&quot;background_background&quot;:&quot;classic&quot;}\">\n\t\t\t\t\t<div class=\"e-con-inner\">\n\t\t\t\t<div class=\"elementor-element elementor-element-24a5c25 elementor-widget elementor-widget-heading\" data-id=\"24a5c25\" data-element_type=\"widget\" data-widget_type=\"heading.default\">\n\t\t\t\t<div class=\"elementor-widget-container\">\n\t\t\t\t\t<h2 class=\"elementor-heading-title elementor-size-default\">Conditions de Ventes<\/h2>\t\t\t\t<\/div>\n\t\t\t\t<\/div>\n\t\t\t\t<div class=\"elementor-element elementor-element-e4efea8 elementor-widget elementor-widget-text-editor\" data-id=\"e4efea8\" data-element_type=\"widget\" data-widget_type=\"text-editor.default\">\n\t\t\t\t<div class=\"elementor-widget-container\">\n\t\t\t\t\t\t\t\t\t<div class=\"wysiwyg paragraph-text__title intro__title\"><h2>CONDITIONS G\u00c9N\u00c9RALES DE VENTE<\/h2><\/div><div class=\"wysiwyg paragraph-text__text intro__text\"><p>Les pr\u00e9sentes conditions g\u00e9n\u00e9rales de ventes sont applicables aux commandes effectu\u00e9es via le panier pr\u00e9sent sur le SITE.<\/p><h3><u>ARTICLE 1 &#8211; CHAMPS D\u2019APPLICATION\u00a0<\/u><\/h3><h4><u>Art 1.1. G\u00e9n\u00e9ralit\u00e9s<\/u><\/h4><p>Sont soumises aux pr\u00e9sentes Conditions G\u00e9n\u00e9rales de Vente :<\/p><ul><li>Les Prestations de type Formations, Ev\u00e8nements, Conf\u00e9rences (Se reporter au 1.2)<\/li><li>Les Ventes d\u2019ouvrages ou de mod\u00e8les (Se reporter au 1.3)\u00a0<\/li><li>Les Prestations de Consultance, d\u2019assistance, d\u2019accompagnement ou de Coaching (Se reporter au 1.4)<\/li><li>Les S\u00e9ances d\u2019Informations (se reporter au 1.5).<\/li><li>Les Services compl\u00e9mentaires \u00e0 l\u2019inscription Banque Carrefour des Entreprises (se reporter au 1.6)<\/li><\/ul><h4><u>Art 1.2 Les prestations de type \u00ab Formations, Ev\u00e8nements, Conf\u00e9rences \u00bb<\/u><\/h4><p><strong>Art 1.2.1\u00a0<u>D\u00e9finition<\/u><\/strong><\/p><p>Entrent cette cat\u00e9gorie les :<\/p><ul><li>Formations RH\u00a0<\/li><li>Ev\u00e8nements \u00a0 \u00a0<\/li><li>Conf\u00e9rences\u00a0<\/li><li>Autres Formations.\u00a0<\/li><\/ul><p><strong>Art 1.2.2\u00a0<u>Application des Conditions G\u00e9n\u00e9rales de Vente : le principe<\/u><\/strong><\/p><ul><li>Les pr\u00e9sentes Conditions G\u00e9n\u00e9rales de Vente s&rsquo;appliquent \u00e0 toutes les prestations vis\u00e9es \u00e0 l\u2019article 1.2.1 sauf dans le cas particulier d\u2019un Devis \u00e9tabli par UCM.<\/li><li>Les autres prestations UCM sont soumises soit aux conditions contractuelles qui leur sont propres soit ne rentrent pas dans la cat\u00e9gorie des ventes (Exemple : une affiliation \u00e0 la Caisse d\u2019Assurances Sociales, une inscription \u00e0 la BCE\u2026).<\/li><\/ul><p><strong>Art 1.2.3\u00a0<u>Le devis : exception aux Conditions G\u00e9n\u00e9rales de Vente<\/u><\/strong><\/p><ul><li>La demande d\u2019Offre form\u00e9e via le site peut donner lieu \u00e0 l\u2019\u00e9tablissement d\u2019un devis si le site internet le mentionne express\u00e9ment. Dans ce cas, le Client-Internaute est invit\u00e9 \u00e0 en faire la demande via un formulaire en ligne.<\/li><li>La r\u00e9ponse UCM peut consister :<ul><li>Soit \u00e0 fournir un devis au Client-Internaute,\u00a0<\/li><li>Soit \u00e0 lui indiquer qu\u2019au regard des circonstances aucun devis sp\u00e9cifique ne peut \u00eatre \u00e9tabli.<\/li><\/ul><\/li><li>Dans ce dernier cas, UCM invite son Client-Internaute \u00e0 proc\u00e9der \u00e0 son inscription en ligne.<\/li><li>Les pr\u00e9sentes Conditions G\u00e9n\u00e9rales de Vente s\u2019appliquent \u00e0 tout devis sauf s\u2019il y est d\u00e9rog\u00e9 dans le devis lui-m\u00eame. La d\u00e9rogation aux pr\u00e9sentes conditions g\u00e9n\u00e9rales de vente sera dans ce cas partielle et ne concernera alors que la partie \u00e0 laquelle il est express\u00e9ment d\u00e9rog\u00e9 dans le devis. Les autres conditions g\u00e9n\u00e9rales de vente seront alors d\u2019application.<\/li><li>Un devis est valable uniquement pour l\u2019\u00e9v\u00e8nement et la date consid\u00e9r\u00e9e et pendant un d\u00e9lai maximal d\u2019un mois. Au-del\u00e0 de ce d\u00e9lai, le Client-Internaute doit formuler une nouvelle demande de devis.<\/li><\/ul><p><strong>Art 1.2.4\u00a0<u>Conditions d\u2019annulation des prestations de type \u00ab Formations, Ev\u00e8nements, Conf\u00e9rences \u00bb<\/u><\/strong><\/p><ul><li>Toute annulation d\u2019inscription par le Client-Internaute \u00e0 une Formation RH, un Ev\u00e8nement, une Conf\u00e9rence \u00e0 d\u2019autres formations donne lieu au paiement d\u2019un forfait de 25 \u20ac (petit-d\u00e9jeuner, collation), 35 \u20ac (lunch) \u00e0 50 \u20ac (buffet ou repas) si l\u2019annulation n\u2019a pas \u00e9t\u00e9 notifi\u00e9e 5 jours avant l\u2019\u00e9v\u00e8nement \u00e0 l\u2019organisateur UCM.<\/li><li>Toute annulation d\u2019inscription \u00e0 l\u2019initiative d\u2019UCM donne lieu au choix du Client-Internaute :<ul><li>Soit \u00e0 un remboursement\u00a0<\/li><li>Soit \u00e0 la r\u00e9affectation de ce paiement sur une formation, un \u00e9v\u00e8nement ou une conf\u00e9rence fix\u00e9e \u00e0 autre date ou dans un autre lieu.<br \/><br \/>A d\u00e9faut pour le Client-Internaute d\u2019avoir manifest\u00e9 son choix, un remboursement interviendra.<\/li><\/ul><\/li><\/ul><p><strong>Art 1.2.5\u00a0<u>Documents communiqu\u00e9s lors des formations<\/u><\/strong><\/p><\/div><p>.<\/p>\t\t\t\t\t\t\t\t<\/div>\n\t\t\t\t<\/div>\n\t\t\t\t\t<\/div>\n\t\t\t\t<\/div>\n\t\t\t\t<\/div>\n\t\t","protected":false},"excerpt":{"rendered":"<p>Conditions de Ventes CONDITIONS G\u00c9N\u00c9RALES DE VENTE Les pr\u00e9sentes conditions g\u00e9n\u00e9rales de ventes sont applicables aux commandes effectu\u00e9es via le panier pr\u00e9sent sur le SITE. ARTICLE 1 &#8211; CHAMPS D\u2019APPLICATION\u00a0 Art 1.1. G\u00e9n\u00e9ralit\u00e9s Sont soumises aux pr\u00e9sentes Conditions G\u00e9n\u00e9rales de Vente : Les Prestations de type Formations, Ev\u00e8nements, Conf\u00e9rences (Se reporter au 1.2) Les Ventes [&hellip;]<\/p>\n","protected":false},"author":1,"featured_media":0,"parent":0,"menu_order":0,"comment_status":"closed","ping_status":"closed","template":"","meta":{"_monsterinsights_skip_tracking":false,"_monsterinsights_sitenote_active":false,"_monsterinsights_sitenote_note":"","_monsterinsights_sitenote_category":0,"footnotes":""},"class_list":["post-229","page","type-page","status-publish","hentry"],"jetpack_sharing_enabled":true,"_links":{"self":[{"href":"https:\/\/artificialpc.com\/index.php?rest_route=\/wp\/v2\/pages\/229","targetHints":{"allow":["GET"]}}],"collection":[{"href":"https:\/\/artificialpc.com\/index.php?rest_route=\/wp\/v2\/pages"}],"about":[{"href":"https:\/\/artificialpc.com\/index.php?rest_route=\/wp\/v2\/types\/page"}],"author":[{"embeddable":true,"href":"https:\/\/artificialpc.com\/index.php?rest_route=\/wp\/v2\/users\/1"}],"replies":[{"embeddable":true,"href":"https:\/\/artificialpc.com\/index.php?rest_route=%2Fwp%2Fv2%2Fcomments&post=229"}],"version-history":[{"count":4,"href":"https:\/\/artificialpc.com\/index.php?rest_route=\/wp\/v2\/pages\/229\/revisions"}],"predecessor-version":[{"id":238,"href":"https:\/\/artificialpc.com\/index.php?rest_route=\/wp\/v2\/pages\/229\/revisions\/238"}],"wp:attachment":[{"href":"https:\/\/artificialpc.com\/index.php?rest_route=%2Fwp%2Fv2%2Fmedia&parent=229"}],"curies":[{"name":"wp","href":"https:\/\/api.w.org\/{rel}","templated":true}]}}