{"id":105,"date":"2024-07-30T13:07:29","date_gmt":"2024-07-30T13:07:29","guid":{"rendered":"https:\/\/artificialpc.com\/?page_id=105"},"modified":"2024-08-12T10:05:11","modified_gmt":"2024-08-12T10:05:11","slug":"acceuil","status":"publish","type":"page","link":"https:\/\/artificialpc.com\/","title":{"rendered":"Acceuil"},"content":{"rendered":"\t\t<div data-elementor-type=\"wp-page\" data-elementor-id=\"105\" class=\"elementor elementor-105\">\n\t\t\t\t<div class=\"elementor-element elementor-element-c537f68 e-flex e-con-boxed e-con e-parent\" data-id=\"c537f68\" data-element_type=\"container\" data-settings=\"{&quot;background_background&quot;:&quot;classic&quot;}\">\n\t\t\t\t\t<div class=\"e-con-inner\">\n\t\t<div class=\"elementor-element elementor-element-046da73 e-con-full e-flex e-con e-child\" data-id=\"046da73\" data-element_type=\"container\">\n\t\t\t\t<div class=\"elementor-element elementor-element-f8208ad elementor-widget elementor-widget-heading\" data-id=\"f8208ad\" data-element_type=\"widget\" data-widget_type=\"heading.default\">\n\t\t\t\t<div class=\"elementor-widget-container\">\n\t\t\t\t\t<h2 class=\"elementor-heading-title elementor-size-default\">Promotions  et Qualit\u00e9<\/h2>\t\t\t\t<\/div>\n\t\t\t\t<\/div>\n\t\t\t\t<div class=\"elementor-element elementor-element-2c85eda elementor-widget elementor-widget-text-editor\" data-id=\"2c85eda\" data-element_type=\"widget\" data-widget_type=\"text-editor.default\">\n\t\t\t\t<div class=\"elementor-widget-container\">\n\t\t\t\t\t\t\t\t\t<p>Contactez nous<\/p><p>+3245781278.<\/p>\t\t\t\t\t\t\t\t<\/div>\n\t\t\t\t<\/div>\n\t\t\t\t<div class=\"elementor-element elementor-element-ee727f9 elementor-align-center elementor-widget__width-initial elementor-widget elementor-widget-button\" data-id=\"ee727f9\" data-element_type=\"widget\" data-widget_type=\"button.default\">\n\t\t\t\t<div class=\"elementor-widget-container\">\n\t\t\t\t\t\t\t\t\t<div class=\"elementor-button-wrapper\">\n\t\t\t\t\t<a class=\"elementor-button elementor-button-link elementor-size-sm\" href=\"https:\/\/artificialpc.com\/?page_id=84\">\n\t\t\t\t\t\t<span class=\"elementor-button-content-wrapper\">\n\t\t\t\t\t\t\t\t\t<span class=\"elementor-button-text\">contactez nous<\/span>\n\t\t\t\t\t<\/span>\n\t\t\t\t\t<\/a>\n\t\t\t\t<\/div>\n\t\t\t\t\t\t\t\t<\/div>\n\t\t\t\t<\/div>\n\t\t\t\t<\/div>\n\t\t<div class=\"elementor-element elementor-element-20481bc e-con-full e-flex e-con e-child\" data-id=\"20481bc\" data-element_type=\"container\">\n\t\t\t\t<div class=\"elementor-element elementor-element-f885c62 elementor-widget elementor-widget-image\" data-id=\"f885c62\" data-element_type=\"widget\" data-widget_type=\"image.default\">\n\t\t\t\t<div class=\"elementor-widget-container\">\n\t\t\t\t\t\t\t\t\t\t\t\t\t\t\t<img  title=\"\" fetchpriority=\"high\" decoding=\"async\" width=\"300\" height=\"168\" src=\"https:\/\/artificialpc.com\/wp-content\/uploads\/2024\/08\/laptop1.jpg\" class=\"attachment-full size-full wp-image-247\"  alt=\"laptop1 Acceuil\"  \/>\t\t\t\t\t\t\t\t\t\t\t\t\t\t\t<\/div>\n\t\t\t\t<\/div>\n\t\t\t\t<\/div>\n\t\t\t\t\t<\/div>\n\t\t\t\t<\/div>\n\t\t<div class=\"elementor-element elementor-element-cd6fd08 e-flex e-con-boxed e-con e-parent\" data-id=\"cd6fd08\" data-element_type=\"container\">\n\t\t\t\t\t<div class=\"e-con-inner\">\n\t\t\t\t<div class=\"elementor-element elementor-element-2d016be elementor-widget elementor-widget-heading\" data-id=\"2d016be\" data-element_type=\"widget\" data-widget_type=\"heading.default\">\n\t\t\t\t<div class=\"elementor-widget-container\">\n\t\t\t\t\t<h2 class=\"elementor-heading-title elementor-size-default\">NE PAS RATER<\/h2>\t\t\t\t<\/div>\n\t\t\t\t<\/div>\n\t\t\t\t<div class=\"elementor-element elementor-element-7443e7a elementor-widget elementor-widget-shortcode\" data-id=\"7443e7a\" data-element_type=\"widget\" data-widget_type=\"shortcode.default\">\n\t\t\t\t<div class=\"elementor-widget-container\">\n\t\t\t\t\t\t\t<div class=\"elementor-shortcode\"><div class=\"woocommerce columns-3 \"><ul class=\"products columns-3\">\n<li class=\"product type-product post-57 status-publish first instock product_cat-laptop-usages has-post-thumbnail shipping-taxable purchasable product-type-simple\">\n\t<a href=\"https:\/\/artificialpc.com\/?product=dell-latitude-7340\" class=\"woocommerce-LoopProduct-link woocommerce-loop-product__link\"><div class=\"spnc-wc-overlay\"><img  title=\"\" decoding=\"async\" width=\"289\" height=\"175\" src=\"https:\/\/artificialpc.com\/wp-content\/uploads\/2024\/07\/download.jpg\" class=\"attachment-woocommerce_thumbnail size-woocommerce_thumbnail\"  alt=\"download Acceuil\"  \/><\/div><h4 class=\"woocommerce-loop-product__title\">Dell Latitude 7340<\/h4>\n\t<span class=\"price\"><span class=\"woocommerce-Price-amount amount\"><bdi>800,00&nbsp;<span class=\"woocommerce-Price-currencySymbol\">&euro;<\/span><\/bdi><\/span><\/span>\n<\/a><a href=\"?add-to-cart=57\" aria-describedby=\"woocommerce_loop_add_to_cart_link_describedby_57\" data-quantity=\"1\" class=\"button product_type_simple add_to_cart_button ajax_add_to_cart\" data-product_id=\"57\" data-product_sku=\"\" aria-label=\"Ajouter au panier\u00a0: &ldquo;Dell Latitude 7340&rdquo;\" rel=\"nofollow\" data-success_message=\"\u00ab\u00a0Dell Latitude 7340\u00a0\u00bb a \u00e9t\u00e9 ajout\u00e9 \u00e0 votre panier\" data-product_name=\"Dell Latitude 7340\" data-price=\"800\">Ajouter au panier<\/a>\t<span id=\"woocommerce_loop_add_to_cart_link_describedby_57\" class=\"screen-reader-text\">\n\t\t\t<\/span>\n<\/li>\n<li class=\"product type-product post-119 status-publish instock product_cat-laptop-usages has-post-thumbnail shipping-taxable purchasable product-type-simple\">\n\t<a href=\"https:\/\/artificialpc.com\/?product=hp-laptop-15-fd0022nk-886k7ea\" class=\"woocommerce-LoopProduct-link woocommerce-loop-product__link\"><div class=\"spnc-wc-overlay\"><img  title=\"\" decoding=\"async\" width=\"300\" height=\"300\" src=\"https:\/\/artificialpc.com\/wp-content\/uploads\/2024\/07\/hplaptop15b-300x300.png\" class=\"attachment-woocommerce_thumbnail size-woocommerce_thumbnail\"  alt=\"hplaptop15b-300x300 Acceuil\"  srcset=\"https:\/\/artificialpc.com\/wp-content\/uploads\/2024\/07\/hplaptop15b-300x300.png 300w, https:\/\/artificialpc.com\/wp-content\/uploads\/2024\/07\/hplaptop15b-100x100.png 100w, https:\/\/artificialpc.com\/wp-content\/uploads\/2024\/07\/hplaptop15b-150x150.png 150w, https:\/\/artificialpc.com\/wp-content\/uploads\/2024\/07\/hplaptop15b-600x600.png 600w\" sizes=\"(max-width: 300px) 100vw, 300px\" \/><\/div><h4 class=\"woocommerce-loop-product__title\">HP Laptop 15-fd0022nk (886K7EA)<\/h4>\n\t<span class=\"price\"><span class=\"woocommerce-Price-amount amount\"><bdi>1000,00&nbsp;<span class=\"woocommerce-Price-currencySymbol\">&euro;<\/span><\/bdi><\/span><\/span>\n<\/a><a href=\"?add-to-cart=119\" aria-describedby=\"woocommerce_loop_add_to_cart_link_describedby_119\" data-quantity=\"1\" class=\"button product_type_simple add_to_cart_button ajax_add_to_cart\" data-product_id=\"119\" data-product_sku=\"\" aria-label=\"Ajouter au panier\u00a0: &ldquo;HP Laptop 15-fd0022nk (886K7EA)&rdquo;\" rel=\"nofollow\" data-success_message=\"\u00ab\u00a0HP Laptop 15-fd0022nk (886K7EA)\u00a0\u00bb a \u00e9t\u00e9 ajout\u00e9 \u00e0 votre panier\" data-product_name=\"HP Laptop 15-fd0022nk (886K7EA)\" data-price=\"1000\">Ajouter au panier<\/a>\t<span id=\"woocommerce_loop_add_to_cart_link_describedby_119\" class=\"screen-reader-text\">\n\t\t\t<\/span>\n<\/li>\n<li class=\"product type-product post-118 status-publish last instock product_cat-laptop-usages has-post-thumbnail shipping-taxable purchasable product-type-simple\">\n\t<a href=\"https:\/\/artificialpc.com\/?product=ordinateur-portable-hp-240\" class=\"woocommerce-LoopProduct-link woocommerce-loop-product__link\"><div class=\"spnc-wc-overlay\"><img  title=\"\" loading=\"lazy\" decoding=\"async\" width=\"300\" height=\"300\" src=\"https:\/\/artificialpc.com\/wp-content\/uploads\/2024\/07\/hp-240-300x300.png\" class=\"attachment-woocommerce_thumbnail size-woocommerce_thumbnail\"  alt=\"hp-240-300x300 Acceuil\"  srcset=\"https:\/\/artificialpc.com\/wp-content\/uploads\/2024\/07\/hp-240-300x300.png 300w, https:\/\/artificialpc.com\/wp-content\/uploads\/2024\/07\/hp-240-100x100.png 100w, https:\/\/artificialpc.com\/wp-content\/uploads\/2024\/07\/hp-240-150x150.png 150w, https:\/\/artificialpc.com\/wp-content\/uploads\/2024\/07\/hp-240-600x600.png 600w\" sizes=\"(max-width: 300px) 100vw, 300px\" \/><\/div><h4 class=\"woocommerce-loop-product__title\">Ordinateur portable HP 240<\/h4>\n\t<span class=\"price\"><span class=\"woocommerce-Price-amount amount\"><bdi>1200,00&nbsp;<span class=\"woocommerce-Price-currencySymbol\">&euro;<\/span><\/bdi><\/span><\/span>\n<\/a><a href=\"?add-to-cart=118\" aria-describedby=\"woocommerce_loop_add_to_cart_link_describedby_118\" data-quantity=\"1\" class=\"button product_type_simple add_to_cart_button ajax_add_to_cart\" data-product_id=\"118\" data-product_sku=\"\" aria-label=\"Ajouter au panier\u00a0: &ldquo;Ordinateur portable HP 240&rdquo;\" rel=\"nofollow\" data-success_message=\"\u00ab\u00a0Ordinateur portable HP 240\u00a0\u00bb a \u00e9t\u00e9 ajout\u00e9 \u00e0 votre panier\" data-product_name=\"Ordinateur portable HP 240\" data-price=\"1200\">Ajouter au panier<\/a>\t<span id=\"woocommerce_loop_add_to_cart_link_describedby_118\" class=\"screen-reader-text\">\n\t\t\t<\/span>\n<\/li>\n<\/ul>\n<\/div><\/div>\n\t\t\t\t\t\t<\/div>\n\t\t\t\t<\/div>\n\t\t\t\t\t<\/div>\n\t\t\t\t<\/div>\n\t\t<div class=\"elementor-element elementor-element-9e862ca e-con-full e-transform e-flex e-con e-parent\" data-id=\"9e862ca\" data-element_type=\"container\" data-settings=\"{&quot;background_background&quot;:&quot;classic&quot;,&quot;_transform_scale_effect&quot;:{&quot;unit&quot;:&quot;px&quot;,&quot;size&quot;:0.9,&quot;sizes&quot;:[]},&quot;_transform_scale_effect_tablet&quot;:{&quot;unit&quot;:&quot;px&quot;,&quot;size&quot;:&quot;&quot;,&quot;sizes&quot;:[]},&quot;_transform_scale_effect_mobile&quot;:{&quot;unit&quot;:&quot;px&quot;,&quot;size&quot;:&quot;&quot;,&quot;sizes&quot;:[]}}\">\n\t\t\t\t<div class=\"elementor-element elementor-element-8fd99a5 elementor-widget__width-initial elementor-widget elementor-widget-heading\" data-id=\"8fd99a5\" data-element_type=\"widget\" data-widget_type=\"heading.default\">\n\t\t\t\t<div class=\"elementor-widget-container\">\n\t\t\t\t\t<h2 class=\"elementor-heading-title elementor-size-default\">20% DE REDUCTION<\/h2>\t\t\t\t<\/div>\n\t\t\t\t<\/div>\n\t\t\t\t<\/div>\n\t\t<div class=\"elementor-element elementor-element-21ee810 e-flex e-con-boxed e-con e-parent\" data-id=\"21ee810\" data-element_type=\"container\">\n\t\t\t\t\t<div class=\"e-con-inner\">\n\t\t<div class=\"elementor-element elementor-element-a0a4892 e-con-full e-flex e-con e-child\" data-id=\"a0a4892\" data-element_type=\"container\">\n\t\t\t\t<div class=\"elementor-element elementor-element-642d0ec elementor-widget elementor-widget-heading\" data-id=\"642d0ec\" data-element_type=\"widget\" data-widget_type=\"heading.default\">\n\t\t\t\t<div class=\"elementor-widget-container\">\n\t\t\t\t\t<h2 class=\"elementor-heading-title elementor-size-default\">Offres Propos\u00e9s<\/h2>\t\t\t\t<\/div>\n\t\t\t\t<\/div>\n\t\t\t\t<div class=\"elementor-element elementor-element-ed0e1a6 elementor-widget elementor-widget-text-editor\" data-id=\"ed0e1a6\" data-element_type=\"widget\" data-widget_type=\"text-editor.default\">\n\t\t\t\t<div class=\"elementor-widget-container\">\n\t\t\t\t\t\t\t\t\t<h1 class=\"mainTitle\">Ordinateurs \u00e0 rabais-meilleur rapport qualit\u00e9 prix \u00e0\u00a0 GARANTIE!<\/h1><div class=\"description\">Ordinateurs usages et portables \u00e0 rabais, laptop usage,\u00a0 ordinateurs usag\u00e9s, portables, accessoires informatique, , moniteurs,imprimantes, memoire , achat, vente en gros, neuf et usag\u00e9, ordinateurs, portables, imprimantes et accessoires. R\u00e9paration et configuration.<\/div><p>\u00a0<\/p>\t\t\t\t\t\t\t\t<\/div>\n\t\t\t\t<\/div>\n\t\t\t\t<\/div>\n\t\t<div class=\"elementor-element elementor-element-69f1c6a e-con-full e-flex e-con e-child\" data-id=\"69f1c6a\" data-element_type=\"container\">\n\t\t\t\t<div class=\"elementor-element elementor-element-aac720d elementor-widget elementor-widget-image\" data-id=\"aac720d\" data-element_type=\"widget\" data-widget_type=\"image.default\">\n\t\t\t\t<div class=\"elementor-widget-container\">\n\t\t\t\t\t\t\t\t\t\t\t\t\t\t\t<img  title=\"\" loading=\"lazy\" decoding=\"async\" width=\"640\" height=\"480\" src=\"https:\/\/artificialpc.com\/wp-content\/uploads\/2024\/07\/ecranfhd22M1.png\" class=\"attachment-large size-large wp-image-117\"  alt=\"ecranfhd22M1 Acceuil\"  srcset=\"https:\/\/artificialpc.com\/wp-content\/uploads\/2024\/07\/ecranfhd22M1.png 800w, https:\/\/artificialpc.com\/wp-content\/uploads\/2024\/07\/ecranfhd22M1-600x450.png 600w, https:\/\/artificialpc.com\/wp-content\/uploads\/2024\/07\/ecranfhd22M1-300x225.png 300w, https:\/\/artificialpc.com\/wp-content\/uploads\/2024\/07\/ecranfhd22M1-768x576.png 768w\" sizes=\"(max-width: 640px) 100vw, 640px\" \/>\t\t\t\t\t\t\t\t\t\t\t\t\t\t\t<\/div>\n\t\t\t\t<\/div>\n\t\t\t\t<\/div>\n\t\t\t\t\t<\/div>\n\t\t\t\t<\/div>\n\t\t\t\t<\/div>\n\t\t","protected":false},"excerpt":{"rendered":"<p>Promotions et Qualit\u00e9 Contactez nous +3245781278. contactez nous NE PAS RATER 20% DE REDUCTION Offres Propos\u00e9s Ordinateurs \u00e0 rabais-meilleur rapport qualit\u00e9 prix \u00e0\u00a0 GARANTIE! Ordinateurs usages et portables \u00e0 rabais, laptop usage,\u00a0 ordinateurs usag\u00e9s, portables, accessoires informatique, , moniteurs,imprimantes, memoire , achat, vente en gros, neuf et usag\u00e9, ordinateurs, portables, imprimantes et accessoires. R\u00e9paration et [&hellip;]<\/p>\n","protected":false},"author":1,"featured_media":0,"parent":0,"menu_order":0,"comment_status":"closed","ping_status":"closed","template":"","meta":{"_monsterinsights_skip_tracking":false,"_monsterinsights_sitenote_active":false,"_monsterinsights_sitenote_note":"","_monsterinsights_sitenote_category":0,"footnotes":""},"class_list":["post-105","page","type-page","status-publish","hentry"],"jetpack_sharing_enabled":true,"_links":{"self":[{"href":"https:\/\/artificialpc.com\/index.php?rest_route=\/wp\/v2\/pages\/105","targetHints":{"allow":["GET"]}}],"collection":[{"href":"https:\/\/artificialpc.com\/index.php?rest_route=\/wp\/v2\/pages"}],"about":[{"href":"https:\/\/artificialpc.com\/index.php?rest_route=\/wp\/v2\/types\/page"}],"author":[{"embeddable":true,"href":"https:\/\/artificialpc.com\/index.php?rest_route=\/wp\/v2\/users\/1"}],"replies":[{"embeddable":true,"href":"https:\/\/artificialpc.com\/index.php?rest_route=%2Fwp%2Fv2%2Fcomments&post=105"}],"version-history":[{"count":80,"href":"https:\/\/artificialpc.com\/index.php?rest_route=\/wp\/v2\/pages\/105\/revisions"}],"predecessor-version":[{"id":288,"href":"https:\/\/artificialpc.com\/index.php?rest_route=\/wp\/v2\/pages\/105\/revisions\/288"}],"wp:attachment":[{"href":"https:\/\/artificialpc.com\/index.php?rest_route=%2Fwp%2Fv2%2Fmedia&parent=105"}],"curies":[{"name":"wp","href":"https:\/\/api.w.org\/{rel}","templated":true}]}}